{"id":2702,"date":"2023-12-03T15:13:55","date_gmt":"2023-12-03T15:13:55","guid":{"rendered":"https:\/\/pecipapagjoni.com\/?page_id=2702"},"modified":"2023-12-09T15:33:56","modified_gmt":"2023-12-09T15:33:56","slug":"property-rights-inheritance","status":"publish","type":"page","link":"https:\/\/pecipapagjoni.com\/it\/property-rights-inheritance\/","title":{"rendered":"Diritti di Propriet\u00e0 &amp; Successioni"},"content":{"rendered":"<div data-elementor-type=\"wp-page\" data-elementor-id=\"2702\" class=\"elementor elementor-2702\">\n\t\t\t\t<div class=\"elementor-element elementor-element-4ec151f0 e-con-full e-flex e-con e-parent\" data-id=\"4ec151f0\" data-element_type=\"container\" data-e-type=\"container\" data-settings=\"{&quot;background_background&quot;:&quot;classic&quot;}\">\n\t\t<div class=\"elementor-element elementor-element-3057ca05 e-flex e-con-boxed e-con e-child\" data-id=\"3057ca05\" data-element_type=\"container\" data-e-type=\"container\">\n\t\t\t\t\t<div class=\"e-con-inner\">\n\t\t\t\t<div class=\"elementor-element elementor-element-6f42d766 elementor-widget elementor-widget-heading\" data-id=\"6f42d766\" data-element_type=\"widget\" data-e-type=\"widget\" data-widget_type=\"heading.default\">\n\t\t\t\t<div class=\"elementor-widget-container\">\n\t\t\t\t\t<h2 class=\"elementor-heading-title elementor-size-default\">Diritti di Propriet\u00e0 &amp; Successioni<\/h2>\t\t\t\t<\/div>\n\t\t\t\t<\/div>\n\t\t\t\t\t<\/div>\n\t\t\t\t<\/div>\n\t\t\t\t<\/div>\n\t\t<div class=\"elementor-element elementor-element-7c4995d8 e-flex e-con-boxed e-con e-parent\" data-id=\"7c4995d8\" data-element_type=\"container\" data-e-type=\"container\">\n\t\t\t\t\t<div class=\"e-con-inner\">\n\t\t<div class=\"elementor-element elementor-element-1c051b8 e-flex e-con-boxed e-con e-child\" data-id=\"1c051b8\" data-element_type=\"container\" data-e-type=\"container\">\n\t\t\t\t\t<div class=\"e-con-inner\">\n\t\t\t\t<div class=\"elementor-element elementor-element-13b5f41f elementor-widget elementor-widget-text-editor\" data-id=\"13b5f41f\" data-element_type=\"widget\" data-e-type=\"widget\" data-widget_type=\"text-editor.default\">\n\t\t\t\t<div class=\"elementor-widget-container\">\n\t\t\t\t\t\t\t\t\t<p>Lo studio ha contribuito attraverso i suoi avvocati alla definizione della legislazione sui diritti di propriet\u00e0 in Albania. Da qui deriva la nostra profonda conoscenza del diritto primario e secondario in materia di diritti di propriet\u00e0, in particolare immobiliare in Albania. Supportiamo i nostri clienti aziendali e individuali su questioni legali ampie e complesse in Albania come l'espropriazione per investimenti strategici o di interesse pubblico, l'acquisto di terreni agricoli, la valutazione legale dei titoli di propriet\u00e0, la registrazione delle propriet\u00e0, la sovrapposizione delle propriet\u00e0, l'orientamento e la consulenza di tutte le transazioni relative a beni immobili. Abbiamo fornito consulenza e rappresentato clienti su questioni relative all'eredit\u00e0 e al testamento. I nostri avvocati hanno una vasta esperienza  nel risarcimento danni o  nella restituzione dei beni espropriati durante il comunismo. In questo contesto rappresentiamo i clienti in tutte le istanze giudiziarie compresa la Corte Europea dei Diritti dell'Uomo.<\/p>\t\t\t\t\t\t\t\t<\/div>\n\t\t\t\t<\/div>\n\t\t\t\t\t<\/div>\n\t\t\t\t<\/div>\n\t\t\t\t\t<\/div>\n\t\t\t\t<\/div>\n\t\t\t\t<\/div>","protected":false},"excerpt":{"rendered":"<p>Property Rights &#038; Inheritance The firm has contributed through its attorneys in the shaping of the property rights legislation in Albania. Hence our profound knowledge of the primary and secondary law regarding property rights, especially real estate in Albania. We support our corporate and individual clients on broad and complex legal issues in Albania such [&hellip;]<\/p>\n","protected":false},"author":1,"featured_media":0,"parent":0,"menu_order":0,"comment_status":"closed","ping_status":"closed","template":"","meta":{"site-sidebar-layout":"no-sidebar","site-content-layout":"page-builder","ast-site-content-layout":"full-width-container","site-content-style":"default","site-sidebar-style":"default","ast-global-header-display":"","ast-banner-title-visibility":"","ast-main-header-display":"","ast-hfb-above-header-display":"","ast-hfb-below-header-display":"","ast-hfb-mobile-header-display":"","site-post-title":"disabled","ast-breadcrumbs-content":"","ast-featured-img":"disabled","footer-sml-layout":"","ast-disable-related-posts":"","theme-transparent-header-meta":"default","adv-header-id-meta":"","stick-header-meta":"","header-above-stick-meta":"","header-main-stick-meta":"","header-below-stick-meta":"","astra-migrate-meta-layouts":"set","ast-page-background-enabled":"default","ast-page-background-meta":{"desktop":{"background-color":"","background-image":"","background-repeat":"repeat","background-position":"center center","background-size":"auto","background-attachment":"scroll","background-type":"","background-media":"","overlay-type":"","overlay-color":"","overlay-opacity":"","overlay-gradient":""},"tablet":{"background-color":"","background-image":"","background-repeat":"repeat","background-position":"center center","background-size":"auto","background-attachment":"scroll","background-type":"","background-media":"","overlay-type":"","overlay-color":"","overlay-opacity":"","overlay-gradient":""},"mobile":{"background-color":"","background-image":"","background-repeat":"repeat","background-position":"center center","background-size":"auto","background-attachment":"scroll","background-type":"","background-media":"","overlay-type":"","overlay-color":"","overlay-opacity":"","overlay-gradient":""}},"ast-content-background-meta":{"desktop":{"background-color":"var(--ast-global-color-5)","background-image":"","background-repeat":"repeat","background-position":"center center","background-size":"auto","background-attachment":"scroll","background-type":"","background-media":"","overlay-type":"","overlay-color":"","overlay-opacity":"","overlay-gradient":""},"tablet":{"background-color":"var(--ast-global-color-5)","background-image":"","background-repeat":"repeat","background-position":"center center","background-size":"auto","background-attachment":"scroll","background-type":"","background-media":"","overlay-type":"","overlay-color":"","overlay-opacity":"","overlay-gradient":""},"mobile":{"background-color":"var(--ast-global-color-5)","background-image":"","background-repeat":"repeat","background-position":"center center","background-size":"auto","background-attachment":"scroll","background-type":"","background-media":"","overlay-type":"","overlay-color":"","overlay-opacity":"","overlay-gradient":""}},"footnotes":""},"class_list":["post-2702","page","type-page","status-publish","hentry"],"_links":{"self":[{"href":"https:\/\/pecipapagjoni.com\/it\/wp-json\/wp\/v2\/pages\/2702","targetHints":{"allow":["GET"]}}],"collection":[{"href":"https:\/\/pecipapagjoni.com\/it\/wp-json\/wp\/v2\/pages"}],"about":[{"href":"https:\/\/pecipapagjoni.com\/it\/wp-json\/wp\/v2\/types\/page"}],"author":[{"embeddable":true,"href":"https:\/\/pecipapagjoni.com\/it\/wp-json\/wp\/v2\/users\/1"}],"replies":[{"embeddable":true,"href":"https:\/\/pecipapagjoni.com\/it\/wp-json\/wp\/v2\/comments?post=2702"}],"version-history":[{"count":28,"href":"https:\/\/pecipapagjoni.com\/it\/wp-json\/wp\/v2\/pages\/2702\/revisions"}],"predecessor-version":[{"id":4199,"href":"https:\/\/pecipapagjoni.com\/it\/wp-json\/wp\/v2\/pages\/2702\/revisions\/4199"}],"wp:attachment":[{"href":"https:\/\/pecipapagjoni.com\/it\/wp-json\/wp\/v2\/media?parent=2702"}],"curies":[{"name":"wp","href":"https:\/\/api.w.org\/{rel}","templated":true}]}}