{"id":2247,"date":"2023-12-02T11:47:59","date_gmt":"2023-12-02T11:47:59","guid":{"rendered":"https:\/\/pecipapagjoni.com\/?page_id=2247"},"modified":"2026-03-10T17:39:29","modified_gmt":"2026-03-10T17:39:29","slug":"about-us","status":"publish","type":"page","link":"https:\/\/pecipapagjoni.com\/it\/about-us\/","title":{"rendered":"Chi siamo"},"content":{"rendered":"<div data-elementor-type=\"wp-page\" data-elementor-id=\"2247\" class=\"elementor elementor-2247\">\n\t\t\t\t<div class=\"elementor-element elementor-element-87a6lvj e-flex e-con-boxed e-con e-parent\" data-id=\"87a6lvj\" data-element_type=\"container\" data-e-type=\"container\" data-settings=\"{&quot;background_background&quot;:&quot;classic&quot;}\">\n\t\t\t\t\t<div class=\"e-con-inner\">\n\t\t<div class=\"elementor-element elementor-element-a7bec28 e-con-full e-flex e-con e-child\" data-id=\"a7bec28\" data-element_type=\"container\" data-e-type=\"container\">\n\t\t\t\t<div class=\"elementor-element elementor-element-305a902 elementor-widget elementor-widget-heading\" data-id=\"305a902\" data-element_type=\"widget\" data-e-type=\"widget\" data-widget_type=\"heading.default\">\n\t\t\t\t<div class=\"elementor-widget-container\">\n\t\t\t\t\t<h2 class=\"elementor-heading-title elementor-size-default\">Chi siamo<\/h2>\t\t\t\t<\/div>\n\t\t\t\t<\/div>\n\t\t\t\t<\/div>\n\t\t\t\t\t<\/div>\n\t\t\t\t<\/div>\n\t\t<div class=\"elementor-element elementor-element-zuc7zqu e-flex e-con-boxed e-con e-parent\" data-id=\"zuc7zqu\" data-element_type=\"container\" data-e-type=\"container\">\n\t\t\t\t\t<div class=\"e-con-inner\">\n\t\t<div class=\"elementor-element elementor-element-0377003 e-con-full e-flex e-con e-child\" data-id=\"0377003\" data-element_type=\"container\" data-e-type=\"container\">\n\t\t\t\t<div class=\"elementor-element elementor-element-ccdc13b elementor-widget elementor-widget-heading\" data-id=\"ccdc13b\" data-element_type=\"widget\" data-e-type=\"widget\" data-widget_type=\"heading.default\">\n\t\t\t\t<div class=\"elementor-widget-container\">\n\t\t\t\t\t<h2 class=\"elementor-heading-title elementor-size-default\">Storia e visione<\/h2>\t\t\t\t<\/div>\n\t\t\t\t<\/div>\n\t\t\t\t<div class=\"elementor-element elementor-element-163a01d elementor-widget-divider--view-line elementor-widget elementor-widget-divider\" data-id=\"163a01d\" data-element_type=\"widget\" data-e-type=\"widget\" data-widget_type=\"divider.default\">\n\t\t\t\t<div class=\"elementor-widget-container\">\n\t\t\t\t\t\t\t<div class=\"elementor-divider\">\n\t\t\t<span class=\"elementor-divider-separator\">\n\t\t\t\t\t\t<\/span>\n\t\t<\/div>\n\t\t\t\t\t\t<\/div>\n\t\t\t\t<\/div>\n\t\t\t\t<div class=\"elementor-element elementor-element-ded6020 elementor-widget elementor-widget-text-editor\" data-id=\"ded6020\" data-element_type=\"widget\" data-e-type=\"widget\" data-widget_type=\"text-editor.default\">\n\t\t\t\t<div class=\"elementor-widget-container\">\n\t\t\t\t\t\t\t\t\t<p>Fondato nel 1995 da Spiro Pe\u00e7i, ex Ministro della Giustizia dell\u2019Albania, Pe\u00e7i &amp; Papagjoni fornisce consulenza legale personalizzata e servizi legali di alta qualit\u00e0 ad una vasta  gamma di clienti internazionali e locali. Il nostro team di avvocati \u00e8 composto da esperti con una ricca esperienza in vari settori del diritto acquisita in un contesto internazionale e nazionale. Lo studio presta particolare attenzione alle circostanze individuali di ciascun cliente. I nostri avvocati sono altamente qualificati nel pensiero strategico e nella pianificazione e forniscono soluzioni creative alle questioni legali e normative pi\u00f9 complesse.<\/p>\t\t\t\t\t\t\t\t<\/div>\n\t\t\t\t<\/div>\n\t\t\t\t<div class=\"elementor-element elementor-element-9649bb6 elementor-widget elementor-widget-text-editor\" data-id=\"9649bb6\" data-element_type=\"widget\" data-e-type=\"widget\" data-widget_type=\"text-editor.default\">\n\t\t\t\t<div class=\"elementor-widget-container\">\n\t\t\t\t\t\t\t\t\t<p>Lo studio fornisce servizi legali completi in importanti settori industriali quali Sanit\u00e0 &amp; Farmaceutica, Energia &amp; Fonti Rinnovabili,  Finanza &amp; Banche, Stampa &amp; Media, Acquacoltura, Telecomunicazioni, Stivaggio e Trasporto delle Merci, Trasporti, Edilizia, Trasporto Aereo, ecc. Lo studio \u00e8 ben posizionato in diverse aree di attivit\u00e0, garantendo che i clienti ricevano consulenza e rappresentanza legale di alto livello in uno spettro di procedimenti civili, amministrativi e penali.<\/p>\t\t\t\t\t\t\t\t<\/div>\n\t\t\t\t<\/div>\n\t\t\t\t<div class=\"elementor-element elementor-element-ef99a19 elementor-widget elementor-widget-text-editor\" data-id=\"ef99a19\" data-element_type=\"widget\" data-e-type=\"widget\" data-widget_type=\"text-editor.default\">\n\t\t\t\t<div class=\"elementor-widget-container\">\n\t\t\t\t\t\t\t\t\t<p>Lo studio ha contribuito al rafforzamento dello stato di diritto e alla modernizzazione della legislazione in Albania e Kosovo. Siamo uno studio pionieristico nel campo della regulatory and compliance in Albania. I nostri avvocati sono stati coinvolti nella stesura di importanti leggi sui Diritti di Propriet\u00e0 (sia nella legislazione primaria che secondaria), l\u2019anticorruzione,  il diritto penale (procedurale), i diritti umani, l\u2019esecuzione civile, ecc. Il nostro studio ha instaurato un'ottima collaborazione con il governo centrale e le organizzazioni internazionali che operano in Albania e nella regione.<\/p>\t\t\t\t\t\t\t\t<\/div>\n\t\t\t\t<\/div>\n\t\t\t\t<div class=\"elementor-element elementor-element-f04b48d elementor-widget elementor-widget-text-editor\" data-id=\"f04b48d\" data-element_type=\"widget\" data-e-type=\"widget\" data-widget_type=\"text-editor.default\">\n\t\t\t\t<div class=\"elementor-widget-container\">\n\t\t\t\t\t\t\t\t\t<p>Noi prestiamo particolare attenzione ai bisogni delle nostre comunit\u00e0 locali contribuendo in vari modi. Lo studio ha svolto un ruolo importante attraverso i nostri avvocati nella creazione di Cliniche Legali che forniscono servizi legali Pro Bono a gruppi vulnerabili ed emarginati. Abbiamo contribuito a vari progetti di sensibilizzazione sulla Responsabilit\u00e0 Sociale delle Imprese e abbiamo fornito consulenza sull'argomento alle parti interessate del settore.\u00a0<\/p>\t\t\t\t\t\t\t\t<\/div>\n\t\t\t\t<\/div>\n\t\t\t\t<\/div>\n\t\t\t\t\t<\/div>\n\t\t\t\t<\/div>\n\t\t\t\t<\/div>","protected":false},"excerpt":{"rendered":"<p>About us History and Overview Founded in 1995 by Spiro Pe\u00e7i, former Minister of Justice of Albania, Pe\u00e7i &amp; Papagjoni provides high quality and personalized legal advice and services to a wide range of international and local clients. Our team of attorneys consists of a blend of experts with rich expertise in various areas of [&hellip;]<\/p>\n","protected":false},"author":1,"featured_media":0,"parent":0,"menu_order":0,"comment_status":"closed","ping_status":"closed","template":"","meta":{"site-sidebar-layout":"no-sidebar","site-content-layout":"page-builder","ast-site-content-layout":"full-width-container","site-content-style":"default","site-sidebar-style":"default","ast-global-header-display":"","ast-banner-title-visibility":"","ast-main-header-display":"","ast-hfb-above-header-display":"","ast-hfb-below-header-display":"","ast-hfb-mobile-header-display":"","site-post-title":"disabled","ast-breadcrumbs-content":"","ast-featured-img":"disabled","footer-sml-layout":"","ast-disable-related-posts":"","theme-transparent-header-meta":"default","adv-header-id-meta":"","stick-header-meta":"","header-above-stick-meta":"","header-main-stick-meta":"","header-below-stick-meta":"","astra-migrate-meta-layouts":"set","ast-page-background-enabled":"default","ast-page-background-meta":{"desktop":{"background-color":"","background-image":"","background-repeat":"repeat","background-position":"center center","background-size":"auto","background-attachment":"scroll","background-type":"","background-media":"","overlay-type":"","overlay-color":"","overlay-opacity":"","overlay-gradient":""},"tablet":{"background-color":"","background-image":"","background-repeat":"repeat","background-position":"center center","background-size":"auto","background-attachment":"scroll","background-type":"","background-media":"","overlay-type":"","overlay-color":"","overlay-opacity":"","overlay-gradient":""},"mobile":{"background-color":"","background-image":"","background-repeat":"repeat","background-position":"center center","background-size":"auto","background-attachment":"scroll","background-type":"","background-media":"","overlay-type":"","overlay-color":"","overlay-opacity":"","overlay-gradient":""}},"ast-content-background-meta":{"desktop":{"background-color":"var(--ast-global-color-5)","background-image":"","background-repeat":"repeat","background-position":"center center","background-size":"auto","background-attachment":"scroll","background-type":"","background-media":"","overlay-type":"","overlay-color":"","overlay-opacity":"","overlay-gradient":""},"tablet":{"background-color":"var(--ast-global-color-5)","background-image":"","background-repeat":"repeat","background-position":"center center","background-size":"auto","background-attachment":"scroll","background-type":"","background-media":"","overlay-type":"","overlay-color":"","overlay-opacity":"","overlay-gradient":""},"mobile":{"background-color":"var(--ast-global-color-5)","background-image":"","background-repeat":"repeat","background-position":"center center","background-size":"auto","background-attachment":"scroll","background-type":"","background-media":"","overlay-type":"","overlay-color":"","overlay-opacity":"","overlay-gradient":""}},"footnotes":""},"class_list":["post-2247","page","type-page","status-publish","hentry"],"_links":{"self":[{"href":"https:\/\/pecipapagjoni.com\/it\/wp-json\/wp\/v2\/pages\/2247","targetHints":{"allow":["GET"]}}],"collection":[{"href":"https:\/\/pecipapagjoni.com\/it\/wp-json\/wp\/v2\/pages"}],"about":[{"href":"https:\/\/pecipapagjoni.com\/it\/wp-json\/wp\/v2\/types\/page"}],"author":[{"embeddable":true,"href":"https:\/\/pecipapagjoni.com\/it\/wp-json\/wp\/v2\/users\/1"}],"replies":[{"embeddable":true,"href":"https:\/\/pecipapagjoni.com\/it\/wp-json\/wp\/v2\/comments?post=2247"}],"version-history":[{"count":49,"href":"https:\/\/pecipapagjoni.com\/it\/wp-json\/wp\/v2\/pages\/2247\/revisions"}],"predecessor-version":[{"id":4273,"href":"https:\/\/pecipapagjoni.com\/it\/wp-json\/wp\/v2\/pages\/2247\/revisions\/4273"}],"wp:attachment":[{"href":"https:\/\/pecipapagjoni.com\/it\/wp-json\/wp\/v2\/media?parent=2247"}],"curies":[{"name":"wp","href":"https:\/\/api.w.org\/{rel}","templated":true}]}}