{"id":2071,"date":"2023-12-02T09:40:26","date_gmt":"2023-12-02T09:40:26","guid":{"rendered":"https:\/\/pecipapagjoni.com\/?page_id=2071"},"modified":"2023-12-07T09:07:03","modified_gmt":"2023-12-07T09:07:03","slug":"idlir-peci-bio","status":"publish","type":"page","link":"https:\/\/pecipapagjoni.com\/it\/idlir-peci-bio\/","title":{"rendered":"Idlir Pe\u00e7i Bio"},"content":{"rendered":"<div data-elementor-type=\"wp-page\" data-elementor-id=\"2071\" class=\"elementor elementor-2071\">\n\t\t\t\t<div class=\"elementor-element elementor-element-7276a66 e-flex e-con-boxed e-con e-parent\" data-id=\"7276a66\" data-element_type=\"container\" data-e-type=\"container\">\n\t\t\t\t\t<div class=\"e-con-inner\">\n\t\t<div class=\"elementor-element elementor-element-43293cf e-con-full e-flex e-con e-child\" data-id=\"43293cf\" data-element_type=\"container\" data-e-type=\"container\">\n\t\t\t\t<div class=\"elementor-element elementor-element-9b6886b elementor-widget elementor-widget-image\" data-id=\"9b6886b\" data-element_type=\"widget\" data-e-type=\"widget\" data-widget_type=\"image.default\">\n\t\t\t\t<div class=\"elementor-widget-container\">\n\t\t\t\t\t\t\t\t\t\t\t\t\t\t\t<img decoding=\"async\" src=\"https:\/\/pecipapagjoni.com\/wp-content\/uploads\/elementor\/thumbs\/Idlir-qg7jm1cxrmm10emdflxpx3absgms854qqhc09qds9k.jpg\" title=\"Idlir Peci\" alt=\"Idlir Peci\" loading=\"lazy\" \/>\t\t\t\t\t\t\t\t\t\t\t\t\t\t\t<\/div>\n\t\t\t\t<\/div>\n\t\t\t\t<\/div>\n\t\t<div class=\"elementor-element elementor-element-9fd0190 e-flex e-con-boxed e-con e-child\" data-id=\"9fd0190\" data-element_type=\"container\" data-e-type=\"container\">\n\t\t\t\t\t<div class=\"e-con-inner\">\n\t\t\t\t<div class=\"elementor-element elementor-element-676ada7 elementor-widget elementor-widget-heading\" data-id=\"676ada7\" data-element_type=\"widget\" data-e-type=\"widget\" data-widget_type=\"heading.default\">\n\t\t\t\t<div class=\"elementor-widget-container\">\n\t\t\t\t\t<h2 class=\"elementor-heading-title elementor-size-default\">Idlir Pe\u00e7i \n<\/h2>\t\t\t\t<\/div>\n\t\t\t\t<\/div>\n\t\t\t\t<div class=\"elementor-element elementor-element-856ff34 elementor-widget elementor-widget-text-editor\" data-id=\"856ff34\" data-element_type=\"widget\" data-e-type=\"widget\" data-widget_type=\"text-editor.default\">\n\t\t\t\t<div class=\"elementor-widget-container\">\n\t\t\t\t\t\t\t\t\t<p><strong>Managing Partner<\/strong><\/p>\t\t\t\t\t\t\t\t<\/div>\n\t\t\t\t<\/div>\n\t\t\t\t<div class=\"elementor-element elementor-element-cdb02e2 elementor-icon-list--layout-traditional elementor-list-item-link-full_width elementor-widget elementor-widget-icon-list\" data-id=\"cdb02e2\" data-element_type=\"widget\" data-e-type=\"widget\" data-widget_type=\"icon-list.default\">\n\t\t\t\t<div class=\"elementor-widget-container\">\n\t\t\t\t\t\t\t<ul class=\"elementor-icon-list-items\">\n\t\t\t\t\t\t\t<li class=\"elementor-icon-list-item\">\n\t\t\t\t\t\t\t\t\t\t\t<span class=\"elementor-icon-list-icon\">\n\t\t\t\t\t\t\t<svg aria-hidden=\"true\" class=\"e-font-icon-svg e-fas-phone-square-alt\" viewbox=\"0 0 448 512\" xmlns=\"http:\/\/www.w3.org\/2000\/svg\"><path d=\"M400 32H48A48 48 0 0 0 0 80v352a48 48 0 0 0 48 48h352a48 48 0 0 0 48-48V80a48 48 0 0 0-48-48zm-16.39 307.37l-15 65A15 15 0 0 1 354 416C194 416 64 286.29 64 126a15.7 15.7 0 0 1 11.63-14.61l65-15A18.23 18.23 0 0 1 144 96a16.27 16.27 0 0 1 13.79 9.09l30 70A17.9 17.9 0 0 1 189 181a17 17 0 0 1-5.5 11.61l-37.89 31a231.91 231.91 0 0 0 110.78 110.78l31-37.89A17 17 0 0 1 299 291a17.85 17.85 0 0 1 5.91 1.21l70 30A16.25 16.25 0 0 1 384 336a17.41 17.41 0 0 1-.39 3.37z\"><\/path><\/svg>\t\t\t\t\t\t<\/span>\n\t\t\t\t\t\t\t\t\t\t<span class=\"elementor-icon-list-text\"><a href=\"tel:+355683103877\">Tel +355683103877 <\/a><\/span>\n\t\t\t\t\t\t\t\t\t<\/li>\n\t\t\t\t\t\t\t\t<li class=\"elementor-icon-list-item\">\n\t\t\t\t\t\t\t\t\t\t\t<span class=\"elementor-icon-list-icon\">\n\t\t\t\t\t\t\t<svg aria-hidden=\"true\" class=\"e-font-icon-svg e-fas-mail-bulk\" viewbox=\"0 0 576 512\" xmlns=\"http:\/\/www.w3.org\/2000\/svg\"><path d=\"M160 448c-25.6 0-51.2-22.4-64-32-64-44.8-83.2-60.8-96-70.4V480c0 17.67 14.33 32 32 32h256c17.67 0 32-14.33 32-32V345.6c-12.8 9.6-32 25.6-96 70.4-12.8 9.6-38.4 32-64 32zm128-192H32c-17.67 0-32 14.33-32 32v16c25.6 19.2 22.4 19.2 115.2 86.4 9.6 6.4 28.8 25.6 44.8 25.6s35.2-19.2 44.8-22.4c92.8-67.2 89.6-67.2 115.2-86.4V288c0-17.67-14.33-32-32-32zm256-96H224c-17.67 0-32 14.33-32 32v32h96c33.21 0 60.59 25.42 63.71 57.82l.29-.22V416h192c17.67 0 32-14.33 32-32V192c0-17.67-14.33-32-32-32zm-32 128h-64v-64h64v64zm-352-96c0-35.29 28.71-64 64-64h224V32c0-17.67-14.33-32-32-32H96C78.33 0 64 14.33 64 32v192h96v-32z\"><\/path><\/svg>\t\t\t\t\t\t<\/span>\n\t\t\t\t\t\t\t\t\t\t<span class=\"elementor-icon-list-text\"><a href=\"mailto:info@pecipapagjoni.com\">info@pecipapagjoni.com<\/a><\/span>\n\t\t\t\t\t\t\t\t\t<\/li>\n\t\t\t\t\t\t\t\t<li class=\"elementor-icon-list-item\">\n\t\t\t\t\t\t\t\t\t\t\t<span class=\"elementor-icon-list-icon\">\n\t\t\t\t\t\t\t<svg aria-hidden=\"true\" class=\"e-font-icon-svg e-fab-linkedin\" viewbox=\"0 0 448 512\" xmlns=\"http:\/\/www.w3.org\/2000\/svg\"><path d=\"M416 32H31.9C14.3 32 0 46.5 0 64.3v383.4C0 465.5 14.3 480 31.9 480H416c17.6 0 32-14.5 32-32.3V64.3c0-17.8-14.4-32.3-32-32.3zM135.4 416H69V202.2h66.5V416zm-33.2-243c-21.3 0-38.5-17.3-38.5-38.5S80.9 96 102.2 96c21.2 0 38.5 17.3 38.5 38.5 0 21.3-17.2 38.5-38.5 38.5zm282.1 243h-66.4V312c0-24.8-.5-56.7-34.5-56.7-34.6 0-39.9 27-39.9 54.9V416h-66.4V202.2h63.7v29.2h.9c8.9-16.8 30.6-34.5 62.9-34.5 67.2 0 79.7 44.3 79.7 101.9V416z\"><\/path><\/svg>\t\t\t\t\t\t<\/span>\n\t\t\t\t\t\t\t\t\t\t<span class=\"elementor-icon-list-text\">Idlir Pe\u00e7i<\/span>\n\t\t\t\t\t\t\t\t\t<\/li>\n\t\t\t\t\t\t<\/ul>\n\t\t\t\t\t\t<\/div>\n\t\t\t\t<\/div>\n\t\t\t\t<div class=\"elementor-element elementor-element-875ec05 elementor-hidden-mobile elementor-icon-list--layout-traditional elementor-list-item-link-full_width elementor-widget elementor-widget-icon-list\" data-id=\"875ec05\" data-element_type=\"widget\" data-e-type=\"widget\" data-widget_type=\"icon-list.default\">\n\t\t\t\t<div class=\"elementor-widget-container\">\n\t\t\t\t\t\t\t<ul class=\"elementor-icon-list-items\">\n\t\t\t\t\t\t\t<li class=\"elementor-icon-list-item\">\n\t\t\t\t\t\t\t\t\t\t\t<span class=\"elementor-icon-list-icon\">\n\t\t\t\t\t\t\t<svg aria-hidden=\"true\" class=\"e-font-icon-svg e-fas-address-card\" viewbox=\"0 0 576 512\" xmlns=\"http:\/\/www.w3.org\/2000\/svg\"><path d=\"M528 32H48C21.5 32 0 53.5 0 80v352c0 26.5 21.5 48 48 48h480c26.5 0 48-21.5 48-48V80c0-26.5-21.5-48-48-48zm-352 96c35.3 0 64 28.7 64 64s-28.7 64-64 64-64-28.7-64-64 28.7-64 64-64zm112 236.8c0 10.6-10 19.2-22.4 19.2H86.4C74 384 64 375.4 64 364.8v-19.2c0-31.8 30.1-57.6 67.2-57.6h5c12.3 5.1 25.7 8 39.8 8s27.6-2.9 39.8-8h5c37.1 0 67.2 25.8 67.2 57.6v19.2zM512 312c0 4.4-3.6 8-8 8H360c-4.4 0-8-3.6-8-8v-16c0-4.4 3.6-8 8-8h144c4.4 0 8 3.6 8 8v16zm0-64c0 4.4-3.6 8-8 8H360c-4.4 0-8-3.6-8-8v-16c0-4.4 3.6-8 8-8h144c4.4 0 8 3.6 8 8v16zm0-64c0 4.4-3.6 8-8 8H360c-4.4 0-8-3.6-8-8v-16c0-4.4 3.6-8 8-8h144c4.4 0 8 3.6 8 8v16z\"><\/path><\/svg>\t\t\t\t\t\t<\/span>\n\t\t\t\t\t\t\t\t\t\t<span class=\"elementor-icon-list-text\">Rr. \u201cNikolla Jorga\u201d, N. 3, H. 2, Ap. 2, <\/br>Tirana, Albania<\/span>\n\t\t\t\t\t\t\t\t\t<\/li>\n\t\t\t\t\t\t\t\t<li class=\"elementor-icon-list-item\">\n\t\t\t\t\t\t\t\t\t\t\t<a href=\"https:\/\/pecipapagjoni.com\/it\/\">\n\n\t\t\t\t\t\t\t\t\t\t\t\t<span class=\"elementor-icon-list-icon\">\n\t\t\t\t\t\t\t<svg aria-hidden=\"true\" class=\"e-font-icon-svg e-fas-globe\" viewbox=\"0 0 496 512\" xmlns=\"http:\/\/www.w3.org\/2000\/svg\"><path d=\"M336.5 160C322 70.7 287.8 8 248 8s-74 62.7-88.5 152h177zM152 256c0 22.2 1.2 43.5 3.3 64h185.3c2.1-20.5 3.3-41.8 3.3-64s-1.2-43.5-3.3-64H155.3c-2.1 20.5-3.3 41.8-3.3 64zm324.7-96c-28.6-67.9-86.5-120.4-158-141.6 24.4 33.8 41.2 84.7 50 141.6h108zM177.2 18.4C105.8 39.6 47.8 92.1 19.3 160h108c8.7-56.9 25.5-107.8 49.9-141.6zM487.4 192H372.7c2.1 21 3.3 42.5 3.3 64s-1.2 43-3.3 64h114.6c5.5-20.5 8.6-41.8 8.6-64s-3.1-43.5-8.5-64zM120 256c0-21.5 1.2-43 3.3-64H8.6C3.2 212.5 0 233.8 0 256s3.2 43.5 8.6 64h114.6c-2-21-3.2-42.5-3.2-64zm39.5 96c14.5 89.3 48.7 152 88.5 152s74-62.7 88.5-152h-177zm159.3 141.6c71.4-21.2 129.4-73.7 158-141.6h-108c-8.8 56.9-25.6 107.8-50 141.6zM19.3 352c28.6 67.9 86.5 120.4 158 141.6-24.4-33.8-41.2-84.7-50-141.6h-108z\"><\/path><\/svg>\t\t\t\t\t\t<\/span>\n\t\t\t\t\t\t\t\t\t\t<span class=\"elementor-icon-list-text\">www.pecipapagjoni.com<\/span>\n\t\t\t\t\t\t\t\t\t\t\t<\/a>\n\t\t\t\t\t\t\t\t\t<\/li>\n\t\t\t\t\t\t<\/ul>\n\t\t\t\t\t\t<\/div>\n\t\t\t\t<\/div>\n\t\t\t\t<div class=\"elementor-element elementor-element-9e82cb5 elementor-widget elementor-widget-image\" data-id=\"9e82cb5\" data-element_type=\"widget\" data-e-type=\"widget\" data-widget_type=\"image.default\">\n\t\t\t\t<div class=\"elementor-widget-container\">\n\t\t\t\t\t\t\t\t\t\t\t\t\t\t\t<img decoding=\"async\" width=\"155\" height=\"51\" src=\"https:\/\/pecipapagjoni.com\/wp-content\/uploads\/2023\/12\/PeciPapagjoni-logo-transparent-2.png\" class=\"attachment-large size-large wp-image-1922\" alt=\"\" \/>\t\t\t\t\t\t\t\t\t\t\t\t\t\t\t<\/div>\n\t\t\t\t<\/div>\n\t\t\t\t\t<\/div>\n\t\t\t\t<\/div>\n\t\t\t\t\t<\/div>\n\t\t\t\t<\/div>\n\t\t<div class=\"elementor-element elementor-element-2c6a668 e-flex e-con-boxed e-con e-parent\" data-id=\"2c6a668\" data-element_type=\"container\" data-e-type=\"container\">\n\t\t\t\t\t<div class=\"e-con-inner\">\n\t\t<div class=\"elementor-element elementor-element-eebb95a e-con-full e-flex e-con e-child\" data-id=\"eebb95a\" data-element_type=\"container\" data-e-type=\"container\">\n\t\t\t\t<div class=\"elementor-element elementor-element-d86f00c elementor-widget elementor-widget-heading\" data-id=\"d86f00c\" data-element_type=\"widget\" data-e-type=\"widget\" data-widget_type=\"heading.default\">\n\t\t\t\t<div class=\"elementor-widget-container\">\n\t\t\t\t\t<h2 class=\"elementor-heading-title elementor-size-default\">Sommario<\/h2>\t\t\t\t<\/div>\n\t\t\t\t<\/div>\n\t\t\t\t<div class=\"elementor-element elementor-element-7bad208 elementor-widget elementor-widget-text-editor\" data-id=\"7bad208\" data-element_type=\"widget\" data-e-type=\"widget\" data-widget_type=\"text-editor.default\">\n\t\t\t\t<div class=\"elementor-widget-container\">\n\t\t\t\t\t\t\t\t\t<p>Idlir Pe\u00e7i \u00e8 il managing partner di Pe\u00e7i &amp; Papagjoni. Idlir ha iniziato la sua carriera nel 2000 come ricercatore presso la RijksUniversiteit Groningen, nei Paesi Bassi. Nel 2006 \u00e8 diventato assistente professore presso l'Universit\u00e0 di Utrecht nei Paesi Bassi. Nel 2013 \u00e8 stato nominato Vice Ministro della Giustizia dell'Albania ed \u00e8 stato coinvolto nel processo di Riforma della Giustizia. Nel 2016 Idlir \u00e8 stato nominato Vice Ministro della Difesa dell\u2019Albania, incarico che ha ricoperto fino al 2017 quando \u00e8 entrato nello studio come of counsel. Idlir \u00e8 formatore presso la Scuola della Magistratura dell'Albania dal 2010 e ha svolto un ruolo cruciale nella modernizzazione e nella riforma del programma di formazione della Scuola. Idlir \u00e8 un'autorit\u00e0 consolidata nella redazione legislativa, nel ravvicinamento della legislazione nazionale all'acquis dell'UE, nel diritto penale e nei diritti umani, nella regulatory e compliance. Viene spesso chiamato a contribuire come esperto internazionale a consigliare i governi centrali e le istituzioni giudiziarie su queste questioni, nel contesto di progetti finanziati dall\u2019UE e dal Consiglio d\u2019Europa in paesi come Albania, Kosovo, Ucraina, Moldavia e Turchia. In qualit\u00e0 di managing partner  dello studio, Idlir \u00e8 responsabile della gestione e del funzionamento complessivo dello studio e garantisce la crescita costante e la qualit\u00e0 del servizio dello studio. Le sue aree di competenza all'interno dello studio comprendono la Corte Europea dei Diritti dell'Uomo, regolamentazione e conformit\u00e0, sicurezza aerea, diritti di propriet\u00e0, diritto penale dei colletti bianchi, diritto penale internazionale\/europeo, la lotta alla corruzione, estradizione, mandati di arresto europei, il trasferimento dei detenuti, trasferimento di procedimenti giudiziari, confisca civile dei proventi di reato, custodia cautelare, giusto processo e diritto alla privacy. Idlir si \u00e8 laureato nel 1998 presso l'Universit\u00e0 Aristotele, Salonicco, Grecia. Ha conseguito il Master in Diritto Europeo e il dottorato di ricerca in Diritto Penale e Vigilanza Amministrativa presso la RijksUniversiteit Groningen, Paesi Bassi.<\/p>\t\t\t\t\t\t\t\t<\/div>\n\t\t\t\t<\/div>\n\t\t\t\t<\/div>\n\t\t<div class=\"elementor-element elementor-element-9225f6f e-con-full e-flex e-con e-child\" data-id=\"9225f6f\" data-element_type=\"container\" data-e-type=\"container\">\n\t\t\t\t<div class=\"elementor-element elementor-element-a6d4b49 elementor-widget elementor-widget-heading\" data-id=\"a6d4b49\" data-element_type=\"widget\" data-e-type=\"widget\" data-widget_type=\"heading.default\">\n\t\t\t\t<div class=\"elementor-widget-container\">\n\t\t\t\t\t<h2 class=\"elementor-heading-title elementor-size-default\">Aree di pratica<\/h2>\t\t\t\t<\/div>\n\t\t\t\t<\/div>\n\t\t\t\t<div class=\"elementor-element elementor-element-850cca7 premium-type-column elementor-widget elementor-widget-premium-icon-list\" data-id=\"850cca7\" data-element_type=\"widget\" data-e-type=\"widget\" data-settings=\"{&quot;rbadges_repeater&quot;:[]}\" data-widget_type=\"premium-icon-list.default\">\n\t\t\t\t<div class=\"elementor-widget-container\">\n\t\t\t\t\t\t\t\t<ul class=\"premium-bullet-list-box\">\r\n\t\t\t\t\r\n\t\t\t\t\t\t\t<li class=\"premium-bullet-list-content elementor-repeater-item-9d30d67\">\r\n\t\t\t\t\t\t\t\t<div class=\"premium-bullet-list-text\">\r\n\t\t\t\t\t\t\t\t\r\n\t\t\t\t\t\t\t\t\t<div class=\"premium-bullet-list-text-wrapper\">\r\n\t\t\t\t\t\t\t\t\t\t<span class=\"premium-bullet-text\" data-text=\"\u2022\tRegulatory &amp; Compliance\"> Regulatory &amp; Compliance <\/span>\t\t\t\t\t\t\t\t\t\t\t\t\t\t\t\t\t\t\t<\/div>\r\n\t\t\t\t\t\t\t\t<\/div>\r\n\r\n\t\t\t\t\t\t\t\t\r\n\t\t\t\t\t\t\t\t\r\n\t\t\t\t\t\t\t<\/li>\r\n\r\n\t\t\t\t\t\t\t\r\n\t\t\t\t\t\t\t<li class=\"premium-bullet-list-content elementor-repeater-item-4c04d3c\">\r\n\t\t\t\t\t\t\t\t<div class=\"premium-bullet-list-text\">\r\n\t\t\t\t\t\t\t\t\r\n\t\t\t\t\t\t\t\t\t<div class=\"premium-bullet-list-text-wrapper\">\r\n\t\t\t\t\t\t\t\t\t\t<span class=\"premium-bullet-text\" data-text=\"\u2022\tAviation Security\"> Sicurezza dell'Aviazione Civile <\/span>\t\t\t\t\t\t\t\t\t\t\t\t\t\t\t\t\t\t\t<\/div>\r\n\t\t\t\t\t\t\t\t<\/div>\r\n\r\n\t\t\t\t\t\t\t\t\r\n\t\t\t\t\t\t\t\t\r\n\t\t\t\t\t\t\t<\/li>\r\n\r\n\t\t\t\t\t\t\t\r\n\t\t\t\t\t\t\t<li class=\"premium-bullet-list-content elementor-repeater-item-2e3bf98\">\r\n\t\t\t\t\t\t\t\t<div class=\"premium-bullet-list-text\">\r\n\t\t\t\t\t\t\t\t\r\n\t\t\t\t\t\t\t\t\t<div class=\"premium-bullet-list-text-wrapper\">\r\n\t\t\t\t\t\t\t\t\t\t<span class=\"premium-bullet-text\" data-text=\"\u2022\tProperty Rights\"> Diritti di Propriet\u00e0 <\/span>\t\t\t\t\t\t\t\t\t\t\t\t\t\t\t\t\t\t\t<\/div>\r\n\t\t\t\t\t\t\t\t<\/div>\r\n\r\n\t\t\t\t\t\t\t\t\r\n\t\t\t\t\t\t\t\t\r\n\t\t\t\t\t\t\t<\/li>\r\n\r\n\t\t\t\t\t\t\t\r\n\t\t\t\t\t\t\t<li class=\"premium-bullet-list-content elementor-repeater-item-81178f8\">\r\n\t\t\t\t\t\t\t\t<div class=\"premium-bullet-list-text\">\r\n\t\t\t\t\t\t\t\t\r\n\t\t\t\t\t\t\t\t\t<div class=\"premium-bullet-list-text-wrapper\">\r\n\t\t\t\t\t\t\t\t\t\t<span class=\"premium-bullet-text\" data-text=\"\u2022\tEuropean Court of Human Rights\"> Corte Europea dei Diritti dell\u201dUomo <\/span>\t\t\t\t\t\t\t\t\t\t\t\t\t\t\t\t\t\t\t<\/div>\r\n\t\t\t\t\t\t\t\t<\/div>\r\n\r\n\t\t\t\t\t\t\t\t\r\n\t\t\t\t\t\t\t\t\r\n\t\t\t\t\t\t\t<\/li>\r\n\r\n\t\t\t\t\t\t\t\r\n\t\t\t\t\t\t\t<li class=\"premium-bullet-list-content elementor-repeater-item-6886d53\">\r\n\t\t\t\t\t\t\t\t<div class=\"premium-bullet-list-text\">\r\n\t\t\t\t\t\t\t\t\r\n\t\t\t\t\t\t\t\t\t<div class=\"premium-bullet-list-text-wrapper\">\r\n\t\t\t\t\t\t\t\t\t\t<span class=\"premium-bullet-text\" data-text=\"\u2022\tCriminal (Procedure) Law\"> Diritto &amp; Procedura Penale <\/span>\t\t\t\t\t\t\t\t\t\t\t\t\t\t\t\t\t\t\t<\/div>\r\n\t\t\t\t\t\t\t\t<\/div>\r\n\r\n\t\t\t\t\t\t\t\t\r\n\t\t\t\t\t\t\t\t\r\n\t\t\t\t\t\t\t<\/li>\r\n\r\n\t\t\t\t\t\t\t\r\n\t\t\t\t\t\t\t<li class=\"premium-bullet-list-content elementor-repeater-item-2dd8042\">\r\n\t\t\t\t\t\t\t\t<div class=\"premium-bullet-list-text\">\r\n\t\t\t\t\t\t\t\t\r\n\t\t\t\t\t\t\t\t\t<div class=\"premium-bullet-list-text-wrapper\">\r\n\t\t\t\t\t\t\t\t\t\t<span class=\"premium-bullet-text\" data-text=\"\u2022\tInternational\/European Criminal Law\"> Diritto Penale Internazionale\/Europeo <\/span>\t\t\t\t\t\t\t\t\t\t\t\t\t\t\t\t\t\t\t<\/div>\r\n\t\t\t\t\t\t\t\t<\/div>\r\n\r\n\t\t\t\t\t\t\t\t\r\n\t\t\t\t\t\t\t\t\r\n\t\t\t\t\t\t\t<\/li>\r\n\r\n\t\t\t\t\t\t\t\r\n\t\t\t\t\t\t\t<li class=\"premium-bullet-list-content elementor-repeater-item-dceae74\">\r\n\t\t\t\t\t\t\t\t<div class=\"premium-bullet-list-text\">\r\n\t\t\t\t\t\t\t\t\r\n\t\t\t\t\t\t\t\t\t<div class=\"premium-bullet-list-text-wrapper\">\r\n\t\t\t\t\t\t\t\t\t\t<span class=\"premium-bullet-text\" data-text=\"\u2022\tWhite Collar Crime \"> Diritto Penale dei Colletti Bianchi  <\/span>\t\t\t\t\t\t\t\t\t\t\t\t\t\t\t\t\t\t\t<\/div>\r\n\t\t\t\t\t\t\t\t<\/div>\r\n\r\n\t\t\t\t\t\t\t\t\r\n\t\t\t\t\t\t\t\t\r\n\t\t\t\t\t\t\t<\/li>\r\n\r\n\t\t\t\t\t\t\t\r\n\t\t\t\t\t\t\t<li class=\"premium-bullet-list-content elementor-repeater-item-e580fc7\">\r\n\t\t\t\t\t\t\t\t<div class=\"premium-bullet-list-text\">\r\n\t\t\t\t\t\t\t\t\r\n\t\t\t\t\t\t\t\t\t<div class=\"premium-bullet-list-text-wrapper\">\r\n\t\t\t\t\t\t\t\t\t\t<span class=\"premium-bullet-text\" data-text=\"\u2022\tAnti-corruption\"> Anti-Corruzione <\/span>\t\t\t\t\t\t\t\t\t\t\t\t\t\t\t\t\t\t\t<\/div>\r\n\t\t\t\t\t\t\t\t<\/div>\r\n\r\n\t\t\t\t\t\t\t\t\r\n\t\t\t\t\t\t\t\t\r\n\t\t\t\t\t\t\t<\/li>\r\n\r\n\t\t\t\t\t\t\t\r\n\t\t\t\t\t\t\t<li class=\"premium-bullet-list-content elementor-repeater-item-a48caeb\">\r\n\t\t\t\t\t\t\t\t<div class=\"premium-bullet-list-text\">\r\n\t\t\t\t\t\t\t\t\r\n\t\t\t\t\t\t\t\t\t<div class=\"premium-bullet-list-text-wrapper\">\r\n\t\t\t\t\t\t\t\t\t\t<span class=\"premium-bullet-text\" data-text=\"\u2022\tAdministrative Law\"> Diritto Amministrativo <\/span>\t\t\t\t\t\t\t\t\t\t\t\t\t\t\t\t\t\t\t<\/div>\r\n\t\t\t\t\t\t\t\t<\/div>\r\n\r\n\t\t\t\t\t\t\t\t\r\n\t\t\t\t\t\t\t\t\r\n\t\t\t\t\t\t\t<\/li>\r\n\r\n\t\t\t\t\t\t\t\r\n\t\t\t\t\t\t\t<li class=\"premium-bullet-list-content elementor-repeater-item-ae7165b\">\r\n\t\t\t\t\t\t\t\t<div class=\"premium-bullet-list-text\">\r\n\t\t\t\t\t\t\t\t\r\n\t\t\t\t\t\t\t\t\t<div class=\"premium-bullet-list-text-wrapper\">\r\n\t\t\t\t\t\t\t\t\t\t<span class=\"premium-bullet-text\" data-text=\"\u2022\tData Protection \"> Tutela dei Dati Personali  <\/span>\t\t\t\t\t\t\t\t\t\t\t\t\t\t\t\t\t\t\t<\/div>\r\n\t\t\t\t\t\t\t\t<\/div>\r\n\r\n\t\t\t\t\t\t\t\t\r\n\t\t\t\t\t\t\t\t\r\n\t\t\t\t\t\t\t<\/li>\r\n\r\n\t\t\t\t\t\t\t\t\t\t<\/ul>\r\n\t\t\t\t\t\t<\/div>\n\t\t\t\t<\/div>\n\t\t\t\t<div class=\"elementor-element elementor-element-ccce84f elementor-widget elementor-widget-heading\" data-id=\"ccce84f\" data-element_type=\"widget\" data-e-type=\"widget\" data-widget_type=\"heading.default\">\n\t\t\t\t<div class=\"elementor-widget-container\">\n\t\t\t\t\t<h2 class=\"elementor-heading-title elementor-size-default\">Lingue<\/h2>\t\t\t\t<\/div>\n\t\t\t\t<\/div>\n\t\t\t\t<div class=\"elementor-element elementor-element-b0f966c premium-type-column elementor-widget elementor-widget-premium-icon-list\" data-id=\"b0f966c\" data-element_type=\"widget\" data-e-type=\"widget\" data-settings=\"{&quot;rbadges_repeater&quot;:[]}\" data-widget_type=\"premium-icon-list.default\">\n\t\t\t\t<div class=\"elementor-widget-container\">\n\t\t\t\t\t\t\t\t<ul class=\"premium-bullet-list-box\">\r\n\t\t\t\t\r\n\t\t\t\t\t\t\t<li class=\"premium-bullet-list-content elementor-repeater-item-52dfaa2\">\r\n\t\t\t\t\t\t\t\t<div class=\"premium-bullet-list-text\">\r\n\t\t\t\t\t\t\t\t\r\n\t\t\t\t\t\t\t\t\t<div class=\"premium-bullet-list-text-wrapper\">\r\n\t\t\t\t\t\t\t\t\t\t<span class=\"premium-bullet-text\" data-text=\"\u2022\tAlbanian\"> Albanese <\/span>\t\t\t\t\t\t\t\t\t\t\t\t\t\t\t\t\t\t\t<\/div>\r\n\t\t\t\t\t\t\t\t<\/div>\r\n\r\n\t\t\t\t\t\t\t\t\r\n\t\t\t\t\t\t\t\t\r\n\t\t\t\t\t\t\t<\/li>\r\n\r\n\t\t\t\t\t\t\t\r\n\t\t\t\t\t\t\t<li class=\"premium-bullet-list-content elementor-repeater-item-4aa9675\">\r\n\t\t\t\t\t\t\t\t<div class=\"premium-bullet-list-text\">\r\n\t\t\t\t\t\t\t\t\r\n\t\t\t\t\t\t\t\t\t<div class=\"premium-bullet-list-text-wrapper\">\r\n\t\t\t\t\t\t\t\t\t\t<span class=\"premium-bullet-text\" data-text=\"\u2022\tEnglish\"> Inglese <\/span>\t\t\t\t\t\t\t\t\t\t\t\t\t\t\t\t\t\t\t<\/div>\r\n\t\t\t\t\t\t\t\t<\/div>\r\n\r\n\t\t\t\t\t\t\t\t\r\n\t\t\t\t\t\t\t\t\r\n\t\t\t\t\t\t\t<\/li>\r\n\r\n\t\t\t\t\t\t\t\r\n\t\t\t\t\t\t\t<li class=\"premium-bullet-list-content elementor-repeater-item-35f90a5\">\r\n\t\t\t\t\t\t\t\t<div class=\"premium-bullet-list-text\">\r\n\t\t\t\t\t\t\t\t\r\n\t\t\t\t\t\t\t\t\t<div class=\"premium-bullet-list-text-wrapper\">\r\n\t\t\t\t\t\t\t\t\t\t<span class=\"premium-bullet-text\" data-text=\"\u2022\tGreek\"> Greco <\/span>\t\t\t\t\t\t\t\t\t\t\t\t\t\t\t\t\t\t\t<\/div>\r\n\t\t\t\t\t\t\t\t<\/div>\r\n\r\n\t\t\t\t\t\t\t\t\r\n\t\t\t\t\t\t\t\t\r\n\t\t\t\t\t\t\t<\/li>\r\n\r\n\t\t\t\t\t\t\t\r\n\t\t\t\t\t\t\t<li class=\"premium-bullet-list-content elementor-repeater-item-0abb0aa\">\r\n\t\t\t\t\t\t\t\t<div class=\"premium-bullet-list-text\">\r\n\t\t\t\t\t\t\t\t\r\n\t\t\t\t\t\t\t\t\t<div class=\"premium-bullet-list-text-wrapper\">\r\n\t\t\t\t\t\t\t\t\t\t<span class=\"premium-bullet-text\" data-text=\"\u2022\tDutch\"> Olandese <\/span>\t\t\t\t\t\t\t\t\t\t\t\t\t\t\t\t\t\t\t<\/div>\r\n\t\t\t\t\t\t\t\t<\/div>\r\n\r\n\t\t\t\t\t\t\t\t\r\n\t\t\t\t\t\t\t\t\r\n\t\t\t\t\t\t\t<\/li>\r\n\r\n\t\t\t\t\t\t\t\r\n\t\t\t\t\t\t\t<li class=\"premium-bullet-list-content elementor-repeater-item-a0f5718\">\r\n\t\t\t\t\t\t\t\t<div class=\"premium-bullet-list-text\">\r\n\t\t\t\t\t\t\t\t\r\n\t\t\t\t\t\t\t\t\t<div class=\"premium-bullet-list-text-wrapper\">\r\n\t\t\t\t\t\t\t\t\t\t<span class=\"premium-bullet-text\" data-text=\"\u2022\tItalian \"> Italiano  <\/span>\t\t\t\t\t\t\t\t\t\t\t\t\t\t\t\t\t\t\t<\/div>\r\n\t\t\t\t\t\t\t\t<\/div>\r\n\r\n\t\t\t\t\t\t\t\t\r\n\t\t\t\t\t\t\t\t\r\n\t\t\t\t\t\t\t<\/li>\r\n\r\n\t\t\t\t\t\t\t\t\t\t<\/ul>\r\n\t\t\t\t\t\t<\/div>\n\t\t\t\t<\/div>\n\t\t\t\t<\/div>\n\t\t\t\t\t<\/div>\n\t\t\t\t<\/div>\n\t\t\t\t<\/div>","protected":false},"excerpt":{"rendered":"<p>Idlir Pe\u00e7i Managing Partner Tel +355683103877 info@pecipapagjoni.com Idlir Pe\u00e7i Rr. \u201cNikolla Jorga\u201d, N. 3, H. 2, Ap. 2, Tirana, Albania www.pecipapagjoni.com Summary Idlir Pe\u00e7i is the managing partner of Pe\u00e7i &amp; Papagjoni. Idlir started his career in 2000 as a researcher at the RijksUniversiteit Groningen, in the Netherlands. In 2006 he became an Assistant Professor [&hellip;]<\/p>\n","protected":false},"author":1,"featured_media":0,"parent":0,"menu_order":0,"comment_status":"closed","ping_status":"closed","template":"","meta":{"site-sidebar-layout":"no-sidebar","site-content-layout":"page-builder","ast-site-content-layout":"full-width-container","site-content-style":"default","site-sidebar-style":"default","ast-global-header-display":"","ast-banner-title-visibility":"","ast-main-header-display":"","ast-hfb-above-header-display":"","ast-hfb-below-header-display":"","ast-hfb-mobile-header-display":"","site-post-title":"disabled","ast-breadcrumbs-content":"","ast-featured-img":"disabled","footer-sml-layout":"","ast-disable-related-posts":"","theme-transparent-header-meta":"default","adv-header-id-meta":"","stick-header-meta":"","header-above-stick-meta":"","header-main-stick-meta":"","header-below-stick-meta":"","astra-migrate-meta-layouts":"set","ast-page-background-enabled":"default","ast-page-background-meta":{"desktop":{"background-color":"","background-image":"","background-repeat":"repeat","background-position":"center center","background-size":"auto","background-attachment":"scroll","background-type":"","background-media":"","overlay-type":"","overlay-color":"","overlay-opacity":"","overlay-gradient":""},"tablet":{"background-color":"","background-image":"","background-repeat":"repeat","background-position":"center center","background-size":"auto","background-attachment":"scroll","background-type":"","background-media":"","overlay-type":"","overlay-color":"","overlay-opacity":"","overlay-gradient":""},"mobile":{"background-color":"","background-image":"","background-repeat":"repeat","background-position":"center center","background-size":"auto","background-attachment":"scroll","background-type":"","background-media":"","overlay-type":"","overlay-color":"","overlay-opacity":"","overlay-gradient":""}},"ast-content-background-meta":{"desktop":{"background-color":"var(--ast-global-color-5)","background-image":"","background-repeat":"repeat","background-position":"center center","background-size":"auto","background-attachment":"scroll","background-type":"","background-media":"","overlay-type":"","overlay-color":"","overlay-opacity":"","overlay-gradient":""},"tablet":{"background-color":"var(--ast-global-color-5)","background-image":"","background-repeat":"repeat","background-position":"center center","background-size":"auto","background-attachment":"scroll","background-type":"","background-media":"","overlay-type":"","overlay-color":"","overlay-opacity":"","overlay-gradient":""},"mobile":{"background-color":"var(--ast-global-color-5)","background-image":"","background-repeat":"repeat","background-position":"center center","background-size":"auto","background-attachment":"scroll","background-type":"","background-media":"","overlay-type":"","overlay-color":"","overlay-opacity":"","overlay-gradient":""}},"footnotes":""},"class_list":["post-2071","page","type-page","status-publish","hentry"],"_links":{"self":[{"href":"https:\/\/pecipapagjoni.com\/it\/wp-json\/wp\/v2\/pages\/2071","targetHints":{"allow":["GET"]}}],"collection":[{"href":"https:\/\/pecipapagjoni.com\/it\/wp-json\/wp\/v2\/pages"}],"about":[{"href":"https:\/\/pecipapagjoni.com\/it\/wp-json\/wp\/v2\/types\/page"}],"author":[{"embeddable":true,"href":"https:\/\/pecipapagjoni.com\/it\/wp-json\/wp\/v2\/users\/1"}],"replies":[{"embeddable":true,"href":"https:\/\/pecipapagjoni.com\/it\/wp-json\/wp\/v2\/comments?post=2071"}],"version-history":[{"count":143,"href":"https:\/\/pecipapagjoni.com\/it\/wp-json\/wp\/v2\/pages\/2071\/revisions"}],"predecessor-version":[{"id":3818,"href":"https:\/\/pecipapagjoni.com\/it\/wp-json\/wp\/v2\/pages\/2071\/revisions\/3818"}],"wp:attachment":[{"href":"https:\/\/pecipapagjoni.com\/it\/wp-json\/wp\/v2\/media?parent=2071"}],"curies":[{"name":"wp","href":"https:\/\/api.w.org\/{rel}","templated":true}]}}